{"id":10,"date":"2016-09-28T10:54:31","date_gmt":"2016-09-28T10:54:31","guid":{"rendered":"http:\/\/www.elis-hk.cz\/?page_id=10"},"modified":"2018-05-31T06:29:47","modified_gmt":"2018-05-31T06:29:47","slug":"domovska-stranka","status":"publish","type":"page","link":"https:\/\/www.elis-hk.cz\/","title":{"rendered":"Domovsk\u00e1 str\u00e1nka"},"content":{"rendered":"<p style=\"text-align: center;\"><strong>M\u011aJTE SV\u00c1 (ZA)\u0158\u00cdZEN\u00cd PEVN\u011a V RUCE<\/strong><\/p>\n<p><strong><img loading=\"lazy\" decoding=\"async\" class=\"wp-image-6 aligncenter\" src=\"http:\/\/www.elis-hk.cz\/wp-content\/uploads\/2016\/09\/grafikaweb_elis_03.jpg\" alt=\"grafikaweb_elis_03\" width=\"950\" height=\"592\" srcset=\"https:\/\/www.elis-hk.cz\/wp-content\/uploads\/2016\/09\/grafikaweb_elis_03.jpg 621w, https:\/\/www.elis-hk.cz\/wp-content\/uploads\/2016\/09\/grafikaweb_elis_03-300x187.jpg 300w, https:\/\/www.elis-hk.cz\/wp-content\/uploads\/2016\/09\/grafikaweb_elis_03-540x337.jpg 540w\" sizes=\"(max-width: 950px) 100vw, 950px\" \/><\/strong><\/p>\n","protected":false},"excerpt":{"rendered":"<p>M\u011aJTE SV\u00c1 (ZA)\u0158\u00cdZEN\u00cd PEVN\u011a V RUCE<\/p>\n","protected":false},"author":1,"featured_media":0,"parent":0,"menu_order":0,"comment_status":"closed","ping_status":"closed","template":"","meta":{"footnotes":""},"_links":{"self":[{"href":"https:\/\/www.elis-hk.cz\/index.php\/wp-json\/wp\/v2\/pages\/10"}],"collection":[{"href":"https:\/\/www.elis-hk.cz\/index.php\/wp-json\/wp\/v2\/pages"}],"about":[{"href":"https:\/\/www.elis-hk.cz\/index.php\/wp-json\/wp\/v2\/types\/page"}],"author":[{"embeddable":true,"href":"https:\/\/www.elis-hk.cz\/index.php\/wp-json\/wp\/v2\/users\/1"}],"replies":[{"embeddable":true,"href":"https:\/\/www.elis-hk.cz\/index.php\/wp-json\/wp\/v2\/comments?post=10"}],"version-history":[{"count":9,"href":"https:\/\/www.elis-hk.cz\/index.php\/wp-json\/wp\/v2\/pages\/10\/revisions"}],"predecessor-version":[{"id":116,"href":"https:\/\/www.elis-hk.cz\/index.php\/wp-json\/wp\/v2\/pages\/10\/revisions\/116"}],"wp:attachment":[{"href":"https:\/\/www.elis-hk.cz\/index.php\/wp-json\/wp\/v2\/media?parent=10"}],"curies":[{"name":"wp","href":"https:\/\/api.w.org\/{rel}","templated":true}]}}