{"id":44,"date":"2016-09-28T13:32:58","date_gmt":"2016-09-28T13:32:58","guid":{"rendered":"http:\/\/www.elis-hk.cz\/?page_id=44"},"modified":"2022-02-15T08:04:48","modified_gmt":"2022-02-15T08:04:48","slug":"mereni-a-regulace","status":"publish","type":"page","link":"https:\/\/www.elis-hk.cz\/index.php\/mereni-a-regulace\/","title":{"rendered":"M\u011b\u0159en\u00ed a regulace"},"content":{"rendered":"<p>M\u011b\u0159en\u00ed a regulace technologick\u00fdch proces\u016f prov\u00e1d\u00edme\u00a0 na vysok\u00e9 \u00farovni. P\u0159i aplikac\u00edch vyu\u017e\u00edv\u00e1me vysoce kvalitn\u00ed a osv\u011bd\u010den\u00e9 HW a SW syst\u00e9my. Slu\u017eby prov\u00e1d\u00edme v r\u00e1mci cel\u00e9 \u010cesk\u00e9 republiky. Na\u0161e dod\u00e1vky realizujeme na kl\u00ed\u010d podle druhu zak\u00e1zky ve spolupr\u00e1ci s\u00a0firmami <a href=\"http:\/\/www.ems.cz\/\" target=\"_blank\" rel=\"noopener\">EMS3000 s.r.o.<\/a>, <a href=\"http:\/\/www.p-s.cz\/\" target=\"_blank\" rel=\"noopener\">Stroj\u00edrny Podzimek (d\u0159\u00edve P&amp;S a.s.)<\/a>, Joska Servis s.r.o.,\u00a0<a href=\"http:\/\/www.ekotech.cz\/\" target=\"_blank\" rel=\"noopener\">Ekotech s.r.o.<\/a><\/p>\n<h3>Aplikace ve vodn\u00edm hospod\u00e1\u0159stv\u00ed<\/h3>\n<ul>\n<li>\u0159\u00edzen\u00ed mal\u00fdch vodn\u00edch elektr\u00e1ren, jez\u016f a plavebn\u00edch komor<\/li>\n<li>monitoring vodn\u00edch d\u011bl<\/li>\n<li>inteligentn\u00ed hladinov\u00e1 regulace<\/li>\n<\/ul>\n<h3>Aplikace v pr\u016fmyslu<\/h3>\n<ul>\n<li>\u0159\u00edd\u00edc\u00ed syst\u00e9my stroj\u016f (lisy, \u010dist\u00edc\u00ed stroje \u010desl\u00ed, ovl\u00e1d\u00e1n\u00ed klapkov\u00fdch uz\u00e1v\u011br\u016f, &#8230;.)<\/li>\n<\/ul>\n<h3>Ochrana ovzdu\u0161\u00ed &#8211; ve spolupr\u00e1ci s firmou Ekotech<\/h3>\n<ul>\n<li>v\u00fdroba analyz\u00e1toru organick\u00fdch l\u00e1tek VAMET 2000<\/li>\n<li>dod\u00e1vky monitorovac\u00edch syst\u00e9m\u016f emis\u00ed organick\u00fdch l\u00e1tek<\/li>\n<\/ul>\n","protected":false},"excerpt":{"rendered":"<p>M\u011b\u0159en\u00ed a regulace technologick\u00fdch proces\u016f prov\u00e1d\u00edme\u00a0 na vysok\u00e9 \u00farovni. P\u0159i aplikac\u00edch vyu\u017e\u00edv\u00e1me vysoce kvalitn\u00ed a osv\u011bd\u010den\u00e9 HW a SW syst\u00e9my. Slu\u017eby prov\u00e1d\u00edme v r\u00e1mci cel\u00e9 \u010cesk\u00e9 republiky. Na\u0161e dod\u00e1vky realizujeme na kl\u00ed\u010d podle druhu zak\u00e1zky ve spolupr\u00e1ci s\u00a0firmami EMS3000 s.r.o., Stroj\u00edrny Podzimek (d\u0159\u00edve P&amp;S a.s.), Joska Servis s.r.o.,\u00a0Ekotech s.r.o. Aplikace ve vodn\u00edm hospod\u00e1\u0159stv\u00ed \u0159\u00edzen\u00ed mal\u00fdch&hellip; <a class=\"continue\" href=\"https:\/\/www.elis-hk.cz\/index.php\/mereni-a-regulace\/\">Finish Reading<span> M\u011b\u0159en\u00ed a regulace<\/span><\/a><\/p>\n","protected":false},"author":1,"featured_media":0,"parent":0,"menu_order":0,"comment_status":"closed","ping_status":"closed","template":"page-full-width.php","meta":{"footnotes":""},"_links":{"self":[{"href":"https:\/\/www.elis-hk.cz\/index.php\/wp-json\/wp\/v2\/pages\/44"}],"collection":[{"href":"https:\/\/www.elis-hk.cz\/index.php\/wp-json\/wp\/v2\/pages"}],"about":[{"href":"https:\/\/www.elis-hk.cz\/index.php\/wp-json\/wp\/v2\/types\/page"}],"author":[{"embeddable":true,"href":"https:\/\/www.elis-hk.cz\/index.php\/wp-json\/wp\/v2\/users\/1"}],"replies":[{"embeddable":true,"href":"https:\/\/www.elis-hk.cz\/index.php\/wp-json\/wp\/v2\/comments?post=44"}],"version-history":[{"count":7,"href":"https:\/\/www.elis-hk.cz\/index.php\/wp-json\/wp\/v2\/pages\/44\/revisions"}],"predecessor-version":[{"id":142,"href":"https:\/\/www.elis-hk.cz\/index.php\/wp-json\/wp\/v2\/pages\/44\/revisions\/142"}],"wp:attachment":[{"href":"https:\/\/www.elis-hk.cz\/index.php\/wp-json\/wp\/v2\/media?parent=44"}],"curies":[{"name":"wp","href":"https:\/\/api.w.org\/{rel}","templated":true}]}}