{"id":71,"date":"2016-09-28T14:13:36","date_gmt":"2016-09-28T14:13:36","guid":{"rendered":"http:\/\/www.elis-hk.cz\/?page_id=71"},"modified":"2017-11-28T19:46:01","modified_gmt":"2017-11-28T19:46:01","slug":"kontakt","status":"publish","type":"page","link":"https:\/\/www.elis-hk.cz\/index.php\/kontakt\/","title":{"rendered":"Kontakt"},"content":{"rendered":"<p><span class=\"ms-rteFontSize-3\"><strong>Jan Proch\u00e1zka &#8211; ELIS<\/strong><\/span><\/p>\n<p>I\u010cO: 132 02 146<br \/>\nEviduj\u00edc\u00ed \u00fa\u0159ad: 360201 &#8211; Magistr\u00e1t m\u011bsta Hradce Kr\u00e1lov\u00e9<br \/>\nRegistr: <a href=\"http:\/\/wwwinfo.mfcr.cz\/cgi-bin\/ares\/darv_rzp.cgi?xml=1&amp;ico=13202146\">ARES<\/a><\/p>\n<p><span class=\"ms-rteFontSize-2\">Tel: +420 495513055<br \/>\n<\/span><span class=\"ms-rteFontSize-2\">Fax: +420 495513054<br \/>\nMobil: +420 603469925<br \/>\n<\/span>Datov\u00e1 schr\u00e1nka: d8jfrhs<\/p>\n<p><a href=\"mailto:info@elis-hk.cz\">info@elis-hk.cz<\/a><br \/>\n<span class=\"ms-rteFontSize-2\"><strong>Provozn\u00ed doba<\/strong><br \/>\nod nevid\u00edm do nevid\u00edm \ud83d\ude42<\/span><\/p>\n<p><span style=\"text-decoration: underline;\"><strong>Adresa:<\/strong><\/span><br \/>\n<span class=\"ms-rteFontSize-3\">Je\u010dn\u00e1 533\/5<br \/>\n<\/span><span class=\"ms-rteFontSize-3\">50003 Hradec Kr\u00e1lov\u00e9<br \/>\n<\/span><span class=\"ms-rteFontSize-3\">\u010cesk\u00e1 republika<\/span><\/p>\n<p><a href=\"https:\/\/www.google.cz\/maps\/place\/Jan+Proch%C3%A1zka+-+ELIS-in%C5%BEen%C3%BDrsk%C3%A9+slu%C5%BEby\/@50.2198125,15.8529237,17z\/data=!4m13!1m7!3m6!1s0x470dd528e57cb5cf:0x5080534085af7acc!2zSmXEjW7DoSA1MzMvNSwgU2xlenNrw6kgUMWZZWRtxJtzdMOtLCA1MDAgMDMgSHJhZGVjIEtyw6Fsb3bDqQ!3b1!8m2!3d50.2198091!4d15.8551177!3m4!1s0x470dd528e57cb5cf:0xff72ec185f0633d0!8m2!3d50.2197674!4d15.8550287?hl=cs\">Mapa<\/a><\/p>\n","protected":false},"excerpt":{"rendered":"<p>Jan Proch\u00e1zka &#8211; ELIS I\u010cO: 132 02 146 Eviduj\u00edc\u00ed \u00fa\u0159ad: 360201 &#8211; Magistr\u00e1t m\u011bsta Hradce Kr\u00e1lov\u00e9 Registr: ARES Tel: +420 495513055 Fax: +420 495513054 Mobil: +420 603469925 Datov\u00e1 schr\u00e1nka: d8jfrhs info@elis-hk.cz Provozn\u00ed doba od nevid\u00edm do nevid\u00edm \ud83d\ude42 Adresa: Je\u010dn\u00e1 533\/5 50003 Hradec Kr\u00e1lov\u00e9 \u010cesk\u00e1 republika Mapa<\/p>\n","protected":false},"author":1,"featured_media":0,"parent":0,"menu_order":0,"comment_status":"closed","ping_status":"closed","template":"","meta":{"footnotes":""},"_links":{"self":[{"href":"https:\/\/www.elis-hk.cz\/index.php\/wp-json\/wp\/v2\/pages\/71"}],"collection":[{"href":"https:\/\/www.elis-hk.cz\/index.php\/wp-json\/wp\/v2\/pages"}],"about":[{"href":"https:\/\/www.elis-hk.cz\/index.php\/wp-json\/wp\/v2\/types\/page"}],"author":[{"embeddable":true,"href":"https:\/\/www.elis-hk.cz\/index.php\/wp-json\/wp\/v2\/users\/1"}],"replies":[{"embeddable":true,"href":"https:\/\/www.elis-hk.cz\/index.php\/wp-json\/wp\/v2\/comments?post=71"}],"version-history":[{"count":6,"href":"https:\/\/www.elis-hk.cz\/index.php\/wp-json\/wp\/v2\/pages\/71\/revisions"}],"predecessor-version":[{"id":105,"href":"https:\/\/www.elis-hk.cz\/index.php\/wp-json\/wp\/v2\/pages\/71\/revisions\/105"}],"wp:attachment":[{"href":"https:\/\/www.elis-hk.cz\/index.php\/wp-json\/wp\/v2\/media?parent=71"}],"curies":[{"name":"wp","href":"https:\/\/api.w.org\/{rel}","templated":true}]}}